{"id":54,"date":"2016-08-04T19:16:25","date_gmt":"2016-08-04T17:16:25","guid":{"rendered":"http:\/\/demo01.dwine.systems\/shop\/produkt\/sekt-cuvee-rose-extra-trocken"},"modified":"2016-08-04T19:16:29","modified_gmt":"2016-08-04T17:16:29","slug":"sekt-cuvee-rose-extra-trocken","status":"publish","type":"product","link":"https:\/\/demo01.dwine.systems\/shop\/produkt\/sekt-cuvee-rose-extra-trocken","title":{"rendered":"Sekt Cuv\u00e9e Ros\u00e9 extra trocken"},"content":{"rendered":"<p>Cuv\u00e9e Ros\u00e9 &#8211; extra trocken<br \/>\nDeutscher Winzersekt<\/p>\n","protected":false},"excerpt":{"rendered":"<p>Cuv\u00e9e Ros\u00e9 &#8211; extra trocken Deutscher Winzersekt<\/p>\n","protected":false},"featured_media":58,"comment_status":"closed","ping_status":"closed","template":"","meta":{"generate_page_header":""},"product_brand":[],"product_cat":[26],"product_tag":[],"class_list":{"0":"post-54","1":"product","2":"type-product","3":"status-publish","4":"has-post-thumbnail","6":"product_cat-sekt","7":"product_shipping_class-flaschen","8":"sales-flash-overlay","9":"woocommerce-text-align-center","10":"woocommerce-image-align-center","11":"do-quantity-buttons","13":"first","14":"instock","15":"taxable","16":"shipping-taxable","17":"purchasable","18":"product-type-simple"},"_links":{"self":[{"href":"https:\/\/demo01.dwine.systems\/shop\/wp-json\/wp\/v2\/product\/54","targetHints":{"allow":["GET"]}}],"collection":[{"href":"https:\/\/demo01.dwine.systems\/shop\/wp-json\/wp\/v2\/product"}],"about":[{"href":"https:\/\/demo01.dwine.systems\/shop\/wp-json\/wp\/v2\/types\/product"}],"replies":[{"embeddable":true,"href":"https:\/\/demo01.dwine.systems\/shop\/wp-json\/wp\/v2\/comments?post=54"}],"wp:featuredmedia":[{"embeddable":true,"href":"https:\/\/demo01.dwine.systems\/shop\/wp-json\/wp\/v2\/media\/58"}],"wp:attachment":[{"href":"https:\/\/demo01.dwine.systems\/shop\/wp-json\/wp\/v2\/media?parent=54"}],"wp:term":[{"taxonomy":"product_brand","embeddable":true,"href":"https:\/\/demo01.dwine.systems\/shop\/wp-json\/wp\/v2\/product_brand?post=54"},{"taxonomy":"product_cat","embeddable":true,"href":"https:\/\/demo01.dwine.systems\/shop\/wp-json\/wp\/v2\/product_cat?post=54"},{"taxonomy":"product_tag","embeddable":true,"href":"https:\/\/demo01.dwine.systems\/shop\/wp-json\/wp\/v2\/product_tag?post=54"}],"curies":[{"name":"wp","href":"https:\/\/api.w.org\/{rel}","templated":true}]}}