{"id":53,"date":"2016-08-04T19:16:25","date_gmt":"2016-08-04T17:16:25","guid":{"rendered":"http:\/\/demo01.dwine.systems\/shop\/produkt\/2013-bl-spaetburgunder-rose-lieblich"},"modified":"2016-08-04T19:16:30","modified_gmt":"2016-08-04T17:16:30","slug":"2013-bl-spaetburgunder-rose-lieblich","status":"publish","type":"product","link":"https:\/\/demo01.dwine.systems\/shop\/produkt\/2013-bl-spaetburgunder-rose-lieblich","title":{"rendered":"2013 Bl. Sp\u00e4tburgunder Ros\u00e9 lieblich"},"content":{"rendered":"<p>2013 Blauer Sp\u00e4tburgunder &#8211; lieblich<br \/>\nGuldentaler Schlo\u00dfkapelle<\/p>\n","protected":false},"excerpt":{"rendered":"<p>2013 Blauer Sp\u00e4tburgunder &#8211; lieblich Guldentaler Schlo\u00dfkapelle<\/p>\n","protected":false},"featured_media":60,"comment_status":"closed","ping_status":"closed","template":"","meta":{"generate_page_header":""},"product_brand":[],"product_cat":[25],"product_tag":[],"class_list":{"0":"post-53","1":"product","2":"type-product","3":"status-publish","4":"has-post-thumbnail","6":"product_cat-rotwein","7":"product_shipping_class-flaschen","8":"sales-flash-overlay","9":"woocommerce-text-align-center","10":"woocommerce-image-align-center","11":"do-quantity-buttons","13":"first","14":"instock","15":"taxable","16":"shipping-taxable","17":"purchasable","18":"product-type-simple"},"_links":{"self":[{"href":"https:\/\/demo01.dwine.systems\/shop\/wp-json\/wp\/v2\/product\/53","targetHints":{"allow":["GET"]}}],"collection":[{"href":"https:\/\/demo01.dwine.systems\/shop\/wp-json\/wp\/v2\/product"}],"about":[{"href":"https:\/\/demo01.dwine.systems\/shop\/wp-json\/wp\/v2\/types\/product"}],"replies":[{"embeddable":true,"href":"https:\/\/demo01.dwine.systems\/shop\/wp-json\/wp\/v2\/comments?post=53"}],"wp:featuredmedia":[{"embeddable":true,"href":"https:\/\/demo01.dwine.systems\/shop\/wp-json\/wp\/v2\/media\/60"}],"wp:attachment":[{"href":"https:\/\/demo01.dwine.systems\/shop\/wp-json\/wp\/v2\/media?parent=53"}],"wp:term":[{"taxonomy":"product_brand","embeddable":true,"href":"https:\/\/demo01.dwine.systems\/shop\/wp-json\/wp\/v2\/product_brand?post=53"},{"taxonomy":"product_cat","embeddable":true,"href":"https:\/\/demo01.dwine.systems\/shop\/wp-json\/wp\/v2\/product_cat?post=53"},{"taxonomy":"product_tag","embeddable":true,"href":"https:\/\/demo01.dwine.systems\/shop\/wp-json\/wp\/v2\/product_tag?post=53"}],"curies":[{"name":"wp","href":"https:\/\/api.w.org\/{rel}","templated":true}]}}